{"id":21,"date":"2016-03-21T19:03:51","date_gmt":"2016-03-21T18:03:51","guid":{"rendered":"http:\/\/m-au-carre.fr\/?page_id=21"},"modified":"2024-11-27T15:54:47","modified_gmt":"2024-11-27T14:54:47","slug":"a-lorigine-de-ce-blog","status":"publish","type":"page","link":"https:\/\/m-au-carre.fr\/index.php\/a-lorigine-de-ce-blog\/","title":{"rendered":"M au Carr\u00e9 ?"},"content":{"rendered":"<div id=\"attachment_198\" style=\"width: 161px\" class=\"wp-caption alignleft\"><img loading=\"lazy\" decoding=\"async\" aria-describedby=\"caption-attachment-198\" class=\"wp-image-198\" src=\"https:\/\/m-au-carre.fr\/wp-content\/uploads\/2016\/06\/IMG_20151226_113453-e1465657574537-225x300.jpg\" alt=\"\" width=\"151\" height=\"201\" srcset=\"https:\/\/m-au-carre.fr\/wp-content\/uploads\/2016\/06\/IMG_20151226_113453-e1465657574537-225x300.jpg 225w, https:\/\/m-au-carre.fr\/wp-content\/uploads\/2016\/06\/IMG_20151226_113453-e1465657574537-768x1024.jpg 768w\" sizes=\"auto, (max-width: 151px) 100vw, 151px\" \/><p id=\"caption-attachment-198\" class=\"wp-caption-text\"><em>MG &#8211; 2015<\/em><\/p><\/div>\n<h4 align=\"justify\"><strong>Marion GUERRY &#8211; Sociologue en libert\u00e9<\/strong><\/h4>\n<p align=\"justify\"><span style=\"color: #33cccc;\"><strong>COMPRENDRE, COLLABORER <\/strong><span style=\"color: #000000;\">et<\/span><strong> AGIR<\/strong><\/span> sont les moteurs de ma pratique professionnelle, laquelle, en s&rsquo;appuyant sur les <strong>sciences humaines et sociales<\/strong>, vise \u00e0 <strong>donner du sens aux r\u00e9alit\u00e9s v\u00e9cues<\/strong>.<\/p>\n<p align=\"justify\">Mes diverses exp\u00e9riences professionnelles de <strong>recherche et d&rsquo;\u00e9tude <\/strong>se sont construites progressivement : d&rsquo;abord dans ma th\u00e8se, puis au sein d&rsquo;une coop\u00e9rative d&rsquo;\u00e9tudes et de conseil nantaise, dans un Think &amp; Do Tank r\u00e9gional et dans mon activit\u00e9 de sociologue ind\u00e9pendante.<\/p>\n<p align=\"justify\">Form\u00e9e \u00e0 la <strong>sociologie urbaine<\/strong>, je m&rsquo;int\u00e9resse aux processus par lesquels les territoires se fabriquent, se pratiquent et \u00e9voluent. Je m&rsquo;attache \u00e0 <strong>produire de la connaissance et du savoir<\/strong> sur diverses th\u00e9matiques, \u00e0 l&rsquo;instar de l&rsquo;am\u00e9nagement durable, de la transition soci\u00e9tale ou des rapports au patrimoine, \u00e0 <strong>formuler des propositions d&rsquo;action <\/strong>et \u00e0 les <strong>mettre en \u0153uvre<\/strong>, ceci <strong>de mani\u00e8re collaborative et participative. <\/strong><\/p>\n<p align=\"justify\">Selon les missions et les projets, je m&rsquo;appuie sur des collaborations et un r\u00e9seau de partenaires interdisciplinaires : <a href=\"https:\/\/www.la-3e-main.com\/\" target=\"_blank\" rel=\"noopener noreferrer\">La 3\u00e8me Main<\/a> (urbanisme\/architecture), <a href=\"https:\/\/www.linkedin.com\/company\/ici-meme-urbanisme\/posts\/?feedView=all\" target=\"_blank\" rel=\"noopener\">Ici M\u00eame<\/a> (coop\u00e9rative de programmation urbaine, sociale et spatiale), le <a href=\"https:\/\/www.gers-sociologie.fr\/\" target=\"_blank\" rel=\"noopener\">GERS<\/a> (sociologie), l&rsquo;association Labo TERA (Territoire Exp\u00e9rimentation R\u00e9flexion Action), <a href=\"http:\/\/www.2i2l.fr\/\" target=\"_blank\" rel=\"noopener noreferrer\">2I2l<\/a> (formations informatiques logiciels libres), &#8230;<\/p>\n<p align=\"justify\">Oscillant entre recherche et action, ma r\u00e9flexion porte sur <strong>comment penser et faire les territoires d\u2019aujourd\u2019hui et de demain au regard de notre responsabilit\u00e9 soci\u00e9tale (enjeux environnementaux, sociaux, \u00e9conomiques&#8230;)<\/strong>.<\/p>\n\n\n<p><\/p>\n","protected":false},"excerpt":{"rendered":"<p>Marion GUERRY &#8211; Sociologue en libert\u00e9 COMPRENDRE, COLLABORER et AGIR sont les moteurs de ma pratique professionnelle, laquelle, en s&rsquo;appuyant sur les sciences humaines et sociales, vise \u00e0 donner du sens aux r\u00e9alit\u00e9s v\u00e9cues. Mes diverses exp\u00e9riences professionnelles de recherche et d&rsquo;\u00e9tude se sont construites progressivement : d&rsquo;abord dans ma th\u00e8se, puis au sein d&rsquo;une&#8230; <\/p>\n<div class=\"read-more\"><a href=\"https:\/\/m-au-carre.fr\/index.php\/a-lorigine-de-ce-blog\/\">Lire la suite<\/a><\/div>\n","protected":false},"author":1,"featured_media":0,"parent":0,"menu_order":2,"comment_status":"closed","ping_status":"closed","template":"","meta":{"footnotes":""},"class_list":["post-21","page","type-page","status-publish","hentry"],"_links":{"self":[{"href":"https:\/\/m-au-carre.fr\/index.php\/wp-json\/wp\/v2\/pages\/21","targetHints":{"allow":["GET"]}}],"collection":[{"href":"https:\/\/m-au-carre.fr\/index.php\/wp-json\/wp\/v2\/pages"}],"about":[{"href":"https:\/\/m-au-carre.fr\/index.php\/wp-json\/wp\/v2\/types\/page"}],"author":[{"embeddable":true,"href":"https:\/\/m-au-carre.fr\/index.php\/wp-json\/wp\/v2\/users\/1"}],"replies":[{"embeddable":true,"href":"https:\/\/m-au-carre.fr\/index.php\/wp-json\/wp\/v2\/comments?post=21"}],"version-history":[{"count":62,"href":"https:\/\/m-au-carre.fr\/index.php\/wp-json\/wp\/v2\/pages\/21\/revisions"}],"predecessor-version":[{"id":999,"href":"https:\/\/m-au-carre.fr\/index.php\/wp-json\/wp\/v2\/pages\/21\/revisions\/999"}],"wp:attachment":[{"href":"https:\/\/m-au-carre.fr\/index.php\/wp-json\/wp\/v2\/media?parent=21"}],"curies":[{"name":"wp","href":"https:\/\/api.w.org\/{rel}","templated":true}]}}