{"id":224,"date":"2016-06-20T15:13:40","date_gmt":"2016-06-20T14:13:40","guid":{"rendered":"http:\/\/m-au-carre.fr\/?page_id=224"},"modified":"2023-10-12T09:52:07","modified_gmt":"2023-10-12T08:52:07","slug":"me-contacter","status":"publish","type":"page","link":"https:\/\/m-au-carre.fr\/index.php\/me-contacter\/","title":{"rendered":"Contact"},"content":{"rendered":"\n<div class=\"wpcf7 no-js\" id=\"wpcf7-f220-o1\" lang=\"fr-FR\" dir=\"ltr\">\n<div class=\"screen-reader-response\"><p role=\"status\" aria-live=\"polite\" aria-atomic=\"true\"><\/p> <ul><\/ul><\/div>\n<form action=\"\/index.php\/wp-json\/wp\/v2\/pages\/224#wpcf7-f220-o1\" method=\"post\" class=\"wpcf7-form init\" aria-label=\"Formulaire de contact\" novalidate=\"novalidate\" data-status=\"init\">\n<div style=\"display: none;\">\n<input type=\"hidden\" name=\"_wpcf7\" value=\"220\" \/>\n<input type=\"hidden\" name=\"_wpcf7_version\" value=\"5.7.4\" \/>\n<input type=\"hidden\" name=\"_wpcf7_locale\" value=\"fr_FR\" \/>\n<input type=\"hidden\" name=\"_wpcf7_unit_tag\" value=\"wpcf7-f220-o1\" \/>\n<input type=\"hidden\" name=\"_wpcf7_container_post\" value=\"0\" \/>\n<input type=\"hidden\" name=\"_wpcf7_posted_data_hash\" value=\"\" \/>\n<\/div>\n<p>Votre nom (obligatoire)\n<\/p>\n<p><span class=\"wpcf7-form-control-wrap\" data-name=\"your-name\"><input size=\"40\" class=\"wpcf7-form-control wpcf7-text wpcf7-validates-as-required\" aria-required=\"true\" aria-invalid=\"false\" value=\"\" type=\"text\" name=\"your-name\" \/><\/span>\n<\/p>\n<p>Votre email (obligatoire)\n<\/p>\n<p><span class=\"wpcf7-form-control-wrap\" data-name=\"your-email\"><input size=\"40\" class=\"wpcf7-form-control wpcf7-text wpcf7-email wpcf7-validates-as-required wpcf7-validates-as-email\" aria-required=\"true\" aria-invalid=\"false\" value=\"\" type=\"email\" name=\"your-email\" \/><\/span>\n<\/p>\n<p>Sujet\n<\/p>\n<p><span class=\"wpcf7-form-control-wrap\" data-name=\"your-subject\"><input size=\"40\" class=\"wpcf7-form-control wpcf7-text\" aria-invalid=\"false\" value=\"\" type=\"text\" name=\"your-subject\" \/><\/span>\n<\/p>\n<p>Votre message (obligatoire)\n<\/p>\n<p><span class=\"wpcf7-form-control-wrap\" data-name=\"your-message\"><textarea cols=\"40\" rows=\"10\" class=\"wpcf7-form-control wpcf7-textarea wpcf7-validates-as-required\" aria-required=\"true\" aria-invalid=\"false\" name=\"your-message\"><\/textarea><\/span>\n<\/p>\n<p><input class=\"wpcf7-form-control has-spinner wpcf7-submit\" type=\"submit\" value=\"Envoyer\" \/>\n<\/p><div class=\"wpcf7-response-output\" aria-hidden=\"true\"><\/div>\n<\/form>\n<\/div>\n\n<hr \/>\n<div><\/div>\n<p><strong>MENTIONS LEGALES DU SITE https:\/\/m-au-carre.fr\/<\/strong><\/p>\n<ol>\n<li>Propri\u00e9taire du site M au Carr\u00e9 : Marion Guerry, Nantes, contact@m-au-carre.fr<\/li>\n<li>\u00c9diteur du site M au Carr\u00e9 : Marion Guerry, Nantes, contact@m-au-carre.fr<\/li>\n<li>Signes distinctifs : Le nom de domaine M au Carr\u00e9 appartient \u00e0 Marion Guerry.<\/li>\n<li>H\u00e9bergement du site https:\/\/m-au-carre.fr\/ : Le site https:\/\/m-au-carre.fr\/ est h\u00e9berg\u00e9 par OVH, 2 rue Kellermann &#8211; 59100 Roubaix &#8211; France &#8211; <span class=\"fw600 fs14 white\">+33 9 72 10 10 07<\/span>.<\/li>\n<li>Statut administratif et facturation : Marion Guerry exerce son activit\u00e9 de sociologue en entreprise individuelle M au Carr\u00e9 (siret : 953 953 726 00015). Les factures seront en cons\u00e9quence \u00e9tablies au nom de M au Carr\u00e9 &#8211; Marion Guerry (EI)<\/li>\n<li>Important : Les droits de propri\u00e9t\u00e9 intellectuelle aff\u00e9rents au site https:\/\/m-au-carre.fr\/ appartiennent \u00e0 Marion Guerry. Toute utilisation, reproduction, diffusion, commercialisation, modification de toute ou partie du site, sans l\u2019autorisation de Marion Guerry est prohib\u00e9e et pourra entra\u00eener des actions et poursuites judiciaires telles que notamment pr\u00e9vues par le code de la propri\u00e9t\u00e9 intellectuelle et\/ou le code civil.<\/li>\n<\/ol>\n","protected":false},"excerpt":{"rendered":"<p>MENTIONS LEGALES DU SITE https:\/\/m-au-carre.fr\/ Propri\u00e9taire du site M au Carr\u00e9 : Marion Guerry, Nantes, contact@m-au-carre.fr \u00c9diteur du site M au Carr\u00e9 : Marion Guerry, Nantes, contact@m-au-carre.fr Signes distinctifs : Le nom de domaine M au Carr\u00e9 appartient \u00e0 Marion Guerry. H\u00e9bergement du site https:\/\/m-au-carre.fr\/ : Le site https:\/\/m-au-carre.fr\/ est h\u00e9berg\u00e9 par OVH, 2 rue&#8230; <\/p>\n<div class=\"read-more\"><a href=\"https:\/\/m-au-carre.fr\/index.php\/me-contacter\/\">Lire la suite<\/a><\/div>\n","protected":false},"author":1,"featured_media":0,"parent":0,"menu_order":6,"comment_status":"closed","ping_status":"closed","template":"","meta":{"footnotes":""},"class_list":["post-224","page","type-page","status-publish","hentry"],"_links":{"self":[{"href":"https:\/\/m-au-carre.fr\/index.php\/wp-json\/wp\/v2\/pages\/224","targetHints":{"allow":["GET"]}}],"collection":[{"href":"https:\/\/m-au-carre.fr\/index.php\/wp-json\/wp\/v2\/pages"}],"about":[{"href":"https:\/\/m-au-carre.fr\/index.php\/wp-json\/wp\/v2\/types\/page"}],"author":[{"embeddable":true,"href":"https:\/\/m-au-carre.fr\/index.php\/wp-json\/wp\/v2\/users\/1"}],"replies":[{"embeddable":true,"href":"https:\/\/m-au-carre.fr\/index.php\/wp-json\/wp\/v2\/comments?post=224"}],"version-history":[{"count":11,"href":"https:\/\/m-au-carre.fr\/index.php\/wp-json\/wp\/v2\/pages\/224\/revisions"}],"predecessor-version":[{"id":949,"href":"https:\/\/m-au-carre.fr\/index.php\/wp-json\/wp\/v2\/pages\/224\/revisions\/949"}],"wp:attachment":[{"href":"https:\/\/m-au-carre.fr\/index.php\/wp-json\/wp\/v2\/media?parent=224"}],"curies":[{"name":"wp","href":"https:\/\/api.w.org\/{rel}","templated":true}]}}