{"id":499,"date":"2018-04-24T14:56:25","date_gmt":"2018-04-24T13:56:25","guid":{"rendered":"http:\/\/m-au-carre.fr\/?page_id=499"},"modified":"2026-04-09T09:07:12","modified_gmt":"2026-04-09T08:07:12","slug":"references","status":"publish","type":"page","link":"https:\/\/m-au-carre.fr\/index.php\/references\/","title":{"rendered":"R\u00e9f\u00e9rences"},"content":{"rendered":"<h1 style=\"text-align: right;\"><span style=\"color: #33cccc;\">&#8212; COMPRENDRE &#8212;<\/span><\/h1>\n<ul>\n<li><strong>Projet socio-artistique de co-cr\u00e9ation d\u2019un langage graphique<\/strong> pour une r\u00e9appropriation par les femmes et jeunes filles des espaces publics \u00e0 Bout-Des-Pav\u00e9s (Nantes Nord) &#8211; Labo Tera \u2013 ANRU \/ Ville de Nantes (<span style=\"color: #ff9900;\">en cours<\/span>)<\/li>\n<li><strong>Projet de revue num\u00e9rique th\u00e9matis\u00e9e : Revue n\u00b01<\/strong> La place des femmes artistes dans l&rsquo;art urbain dans la m\u00e9tropole nantaise &#8211; Labo Tera (<span style=\"color: #ff9900;\">en cours<\/span>)<\/li>\n<li><strong>Mission de concertation dans le cadre du renouvellement urbain<\/strong> du quartier Kercado \u00e0 Vannes (enqu\u00eate sociologique qualitative in situ) (Ici M\u00eame, M\u00a0 au Carr\u00e9) &#8211; Morbihan Habitat (2025)<\/li>\n<li><strong>D\u00e9marche d&rsquo;\u00e9valuation participative de l&rsquo;espace public sensible au genre<\/strong> (volet enqu\u00eate sociologique <em>in situ<\/em>) (Plan\u00e8te publique, La 3e Main, GERS, M au carr\u00e9) &#8211; Nantes M\u00e9tropole <span style=\"color: #000000;\">(2024 &#8211; 2025)<\/span><\/li>\n<li><strong>Mission d&rsquo;appui \u00e0 la d\u00e9marche d&rsquo;\u00e9valuation et d&rsquo;actualisation<\/strong> du Guide \u00ab\u00a0Bienvenue \u00e0 Nantes\u00a0\u00bb, \u00e0 l&rsquo;usage des r\u00e9sidents et r\u00e9sidentes \u00e9trang\u00e8res (GERS, M au Carr\u00e9, La 3e Main) &#8211; Ville de Nantes (2024)<\/li>\n<li><strong>\u00c9tude socio-anthropologique<\/strong> sur les rapports aux patrimoines de Passay par le collectif Les R\u00e9v\u00e9lateurs du quotidien (Fanny Pacreau, anthropologue \/ Patrick Mignon, graphiste-illustrateur \/ Marion Guerry, sociologue) &#8211; Ville de La Chevroli\u00e8re (2021-2022)<\/li>\n<li><strong>\u00c9tude sociologique<\/strong> sur les \u00ab\u00a0jeunes invisibles\u00a0\u00bb de Loire-Atlantique, en partenariat avec Janice Cavalcanti-Gendron (sociologue) &#8211; D\u00e9partement de Loire-Atlantique (2020)<\/li>\n<li><strong>Participation \u00e0 la coordination d\u2019un Programme partenarial de recherche-action sur la transition \u00e9nerg\u00e9tique et soci\u00e9tale<\/strong> &#8211; Coll\u00e8ge des transitions soci\u00e9tales (2016\/2017) &#8212; Appui et suivi de travaux d&rsquo;enqu\u00eates sociologiques <i>(\u00e9laborer une m\u00e9thodologie d&rsquo;enqu\u00eate, collecter, traiter et analyser les donn\u00e9es) \/\/ <\/i>Organisation, participation et suivi de diverses r\u00e9unions, \u00e9v\u00e8nements et s\u00e9minaires <i>(organiser et rendre compte) \/\/ <\/i>Participation \u00e0 l&rsquo;\u00e9criture collective tant de livrables \u00e9dit\u00e9s par le programme que de comptes-rendus des rencontres, etc.<\/li>\n<li><strong>Th\u00e8se\u00a0de sociologie urbaine<\/strong> \u2013 Universit\u00e9 Fran\u00e7ois Rabelais Tours (2003\/2009) &#8212; \u00ab\u00a0Sociologie des usagers d&rsquo;un espace en restructuration urbaine. L&rsquo;exemple de l&rsquo;Ile de Nantes et de son projet d&rsquo;am\u00e9nagement\u00a0\u00bb \/\/ Projet urbain, gentrification, changement social &#8212; <a href=\"http:\/\/www.applis.univ-tours.fr\/theses\/2009\/marion.guerry_2606.pdf\" target=\"_blank\" rel=\"noopener noreferrer\">Th\u00e8se<\/a><\/li>\n<li><strong>\u00c9tude sur la conciliation des temps des m\u00e9nages de l\u2019agglom\u00e9ration nantaise<\/strong> &#8211; Ville de Nantes \/ Nantes M\u00e9tropole (2011) &#8212; Campagne d\u2019entretiens aupr\u00e8s de 12 m\u00e9nages m\u00e9tropolitains \/\/ R\u00e9alisation de monographies sur la base de journaux des temps, d&rsquo;entretiens individuels et d&rsquo;entretiens collectifs \/\/ R\u00e9alisation de cartes dynamiques (chronotopiques) \/\/ Restitution dans le cadre d\u2019un atelier prospectif \/\/ Pr\u00e9sentation lors de conf\u00e9rences (Nantaises au Travail &#8211; 2012 \/ Questions de parents 2012)<\/li>\n<li><strong>Diagnostic partag\u00e9 de territoire r\u00e9gional \u00ab\u00a0Les jeunes et l&rsquo;alcool en Pays-de-la-Loire\u00a0\u00bb<\/strong> &#8211; URAF Pays-de-la-Loire (2014) &#8211; Entretiens collectifs aupr\u00e8s de famille de la r\u00e9gion Pays-de-la-Loire \/\/ \u00a0 Formalisation d\u2019un diagnostic<\/li>\n<li><strong>\u00c9valuation de l&rsquo;information destin\u00e9e aux familles de Loire-Atlantique aupr\u00e8s de familles de Loire-Atlantique<\/strong> &#8211; UDAF 44 (2011) &#8212; Entretiens aupr\u00e8s des acteurs de la politique familiale \/\/ Entretiens collectifs aupr\u00e8s de familles de Loire-Atlantique \/\/ Formalisation d\u2019un diagnostic et de pistes d\u2019actions<\/li>\n<\/ul>\n<h2><\/h2>\n<h1 style=\"text-align: right;\"><span style=\"color: #33cccc;\">&#8212; ACCOMPAGNER &#8212;<\/span><\/h1>\n<ul>\n<li><strong>Assistance \u00e0 Ma\u00eetrise d\u2019Ouvrage (AMO) pour la r\u00e9alisation d&rsquo;un plan guide op\u00e9rationnel aux Sorini\u00e8res\u00a0<\/strong><strong>(volet concertation et participation citoyenne) <\/strong>(Ici M\u00eame &#8211; Coop\u00e9rative de programmation urbaine, sociale et spatiale \/ et autres partenaires) &#8211; Ville des Sorini\u00e8res (2025)<\/li>\n<li><strong>AMO pour la r\u00e9alisation d&rsquo;un plan guide op\u00e9rationnel \u00e0 Herbignac\u00a0<\/strong><strong>(volet concertation et participation citoyenne) <\/strong>(Ici M\u00eame &#8211; Coop\u00e9rative de programmation urbaine, sociale et spatiale \/ et autres partenaires) &#8211; Ville d&rsquo;Herbignac (2025)<\/li>\n<li><strong>AMO pour la r\u00e9alisation d&rsquo;un plan guide op\u00e9rationnel \u00e0 Oudon\u00a0<\/strong><strong>(volet concertation et participation citoyenne) <\/strong>(Ici M\u00eame &#8211; Coop\u00e9rative de programmation urbaine, sociale et spatiale \/ et autres partenaires) &#8211; Ville d&rsquo;Oudon (2025<span style=\"color: #ff9900;\"><span style=\"color: #000000;\">)<\/span><\/span><\/li>\n<li><strong>AMO pour la programmation urbaine du quartier des Halles de Pornic <\/strong>(Ici M\u00eame &#8211; Coop\u00e9rative de programmation urbaine, sociale et spatiale) &#8211; Ville de Pornic <span style=\"color: #000000;\">(2024 &#8211; 2025)<\/span><strong><br \/>\n<\/strong><\/li>\n<li><strong>AMO pour la programmation urbaine et op\u00e9rationnelle sur le coeur de ville de Gu\u00e9rande (volet concertation et participation citoyenne) <\/strong>(Ici M\u00eame &#8211; Coop\u00e9rative de programmation urbaine, sociale et spatiale \/ et autres partenaires) &#8211; Ville de Gu\u00e9rande (2023-2024)<strong><br \/>\n<\/strong><\/li>\n<li><strong>AMO pour l&rsquo;\u00e9laboration et la mise en \u0153uvre du dialogue citoyen sur le projet de renouvellement urbain du quartier Plaisance \u00e0 Orvault <\/strong>(Agence Radar \/ La 3\u00e8me Main) &#8211; Nantes M\u00e9tropole\/Ville d&rsquo;Orvault (2022-2023)<strong><br \/>\n<\/strong><\/li>\n<li><strong>AMO pour l\u2019accompagnement et l\u2019animation de la participation citoyenne au Projet Global du quartier Nantes Nord <\/strong>(Agence Radar \/ La 3\u00e8me Main) &#8211; Nantes M\u00e9tropole\/Ville de Nantes (2020-2022)<\/li>\n<li><strong>AMO pour l&rsquo;\u00e9laboration d&rsquo;un plan d&rsquo;actions pour le Mus\u00e9e de l&rsquo;Erdre<\/strong> (Collectif Les R\u00e9v\u00e9lateurs du quotidien : Fanny Pacreau, anthropologue \/ Marion Guerry, sociologue) &#8211; Ville de Carquefou (2022)<\/li>\n<li><strong><strong>AMO sociologique dans <span lang=\"fr-FR\">une d\u00e9marche de design de service sur le r\u00e9-am\u00e9nagement des cours de r\u00e9cr\u00e9ation des coll\u00e8ges de Loire-Atlantique <\/span><\/strong><\/strong><span lang=\"fr-FR\">(enqu\u00eate, analyse, co-conception)<\/span> &#8211; En partenariat avec Janice Cavalcanti-Gendron (sociologue) &#8211; D\u00e9partement de Loire-Atlantique (2021)<\/li>\n<li><strong><strong>AMO pour l&rsquo;animation d&rsquo;une d\u00e9marche participative dans le cadre du Projet \u00c9ducatif de Territoire (PEdT) \u00ab\u00a0Bien grandir \u00e0 Nantes\u00a0\u00bb<\/strong><\/strong> &#8211; Ville de Nantes (2019) &#8211; \u00c9tude sur les pratiques, les attentes et les besoins des familles et des enfants et sur l&rsquo;offre des partenaires \u00e9ducatifs concernant le temps de \u00ab\u00a016h00 apr\u00e8s la classe\u00a0\u00bb (entretiens, ateliers collectifs)<\/li>\n<li><strong>\u00a0AMO en ing\u00e9nierie socio urbaine pour la mise en place d&rsquo;une d\u00e9marche de concertation en vue d\u2019un \u00e9coquartier<\/strong> \u2013 Ville de Brains \/ Nantes M\u00e9tropole (2012-2013) &#8212; D\u00e9veloppement d&rsquo;une strat\u00e9gie de gestion de projet ancr\u00e9e dans une dynamique d\u2019intelligence territoriale \/\/ D\u00e9finition de la participation citoyenne pour une int\u00e9gration constructive de la ma\u00eetrise d\u2019usage au projet \/\/ Accompagnement et animation de la d\u00e9marche participative<\/li>\n<li><strong>AMO pour la mise en place d&rsquo;une d\u00e9marche de concertation de sites en renouvellement urbain<\/strong> (Manon Roland\/Sautron) &#8211; Ville de Saint-Nazaire (2013\/2014) &#8212; D\u00e9finition, accompagnement et animation de la d\u00e9marche de concertation<\/li>\n<li><strong>AMO pour la r\u00e9alisation d&rsquo;un plan d&rsquo;actions local dans le cadre du projet Prevent <\/strong><i>(r\u00e9seau europ\u00e9en Urbact)<\/i> &#8211; Ville de Nantes (2011\/2014) &#8212; Mise en place, conduite et suivi de l&rsquo;animation de la r\u00e9flexion \/\/ Coordination de l&rsquo;\u00e9criture collective d&rsquo;un diagnostic et d&rsquo;un plan d&rsquo;actions local<\/li>\n<li><strong>AMO pour le renouvellement du Conseil Nantais des Personnes Handicap\u00e9es (CNPH)<\/strong> &#8211; Ville de Nantes (2014-2015) &#8212; Mise en place, conduite et suivi de l&rsquo;animation de la r\u00e9flexion \/\/ Diagnostic partag\u00e9 (entretiens individuels et collectifs \/ atelier de r\u00e9flexion) \/\/ Animation de la restitution du diagnostic partag\u00e9 lors d&rsquo;un temps fort prospectif<\/li>\n<\/ul>\n<h1 align=\"justify\"><\/h1>\n<h1 style=\"text-align: right;\" align=\"justify\"><span style=\"color: #33cccc;\">&#8212; TRANSMETTRE &#8212;<br \/>\n<\/span><\/h1>\n<ul>\n<li><strong>TD Enqu\u00eate \u00ab\u00a0Le\u00a0 logement et la ville\u00a0\u00bb <\/strong>&#8211; L2 ENSA Nantes (septembre \u00e0 d\u00e9cembre : 2022 ; 2023 ; 2024)<strong><br \/>\n<\/strong><\/li>\n<li><strong>TD \u00ab\u00a0Le logement social \u00e0 l&rsquo;\u00e9preuve du terrain\u00a0\u00bb<\/strong> &#8211; L3 &#8211; ENSA Nantes (septembre \u00e0 d\u00e9cembre : 2020 ; 2021)<span style=\"color: #ff9900;\"><strong><br \/>\n<\/strong><\/span><\/li>\n<li><strong>Intervention \u00ab\u00a0Approches plurielles du territoire : le territoire au prisme de l&rsquo;approche sociologique\u00a0\u00bb<\/strong> &#8211; F<span style=\"color: #000000;\">ili\u00e8re Assistant de Service Social &#8211; ARIFTS (mars 2019)<br \/>\n<\/span><\/li>\n<li><strong>Interventions \u00ab\u00a0\u00catre sociologue praticien\u00a0\u00bb <\/strong>et<strong> \u00ab\u00a0La Recherche-action en action\u00a0\u00bb<\/strong> dans le cadre du Master 2 Professionnel M\u00e9tiers du d\u00e9veloppement territorial et de l&rsquo;ESS &#8211; Universit\u00e9 Catholique de l&rsquo;Ouest d&rsquo;Angers (2013 &#8211; 2014)<\/li>\n<li><strong>TD M\u00e9thodologie de recherche en sciences humaines ; TD Introduction \u00e0 l&rsquo;ethnologie ; TD Statistiques <\/strong>(Licence 1 et 2 &#8211; Universit\u00e9 Rennes 2 UFR de Sociologie &#8211; 2006-2008)<\/li>\n<li><strong>TD Introduction \u00e0 la sociologie<\/strong> (Licence 1 &#8211; Universit\u00e9 de Nantes UFR de sociologie &#8211; 2004-2006)<\/li>\n<\/ul>\n<p align=\"justify\">\n","protected":false},"excerpt":{"rendered":"<p>&#8212; COMPRENDRE &#8212; Projet socio-artistique de co-cr\u00e9ation d\u2019un langage graphique pour une r\u00e9appropriation par les femmes et jeunes filles des espaces publics \u00e0 Bout-Des-Pav\u00e9s (Nantes Nord) &#8211; Labo Tera \u2013 ANRU \/ Ville de Nantes (en cours) Projet de revue num\u00e9rique th\u00e9matis\u00e9e : Revue n\u00b01 La place des femmes artistes dans l&rsquo;art urbain dans la&#8230; <\/p>\n<div class=\"read-more\"><a href=\"https:\/\/m-au-carre.fr\/index.php\/references\/\">Lire la suite<\/a><\/div>\n","protected":false},"author":1,"featured_media":0,"parent":0,"menu_order":3,"comment_status":"closed","ping_status":"closed","template":"","meta":{"footnotes":""},"class_list":["post-499","page","type-page","status-publish","hentry"],"_links":{"self":[{"href":"https:\/\/m-au-carre.fr\/index.php\/wp-json\/wp\/v2\/pages\/499","targetHints":{"allow":["GET"]}}],"collection":[{"href":"https:\/\/m-au-carre.fr\/index.php\/wp-json\/wp\/v2\/pages"}],"about":[{"href":"https:\/\/m-au-carre.fr\/index.php\/wp-json\/wp\/v2\/types\/page"}],"author":[{"embeddable":true,"href":"https:\/\/m-au-carre.fr\/index.php\/wp-json\/wp\/v2\/users\/1"}],"replies":[{"embeddable":true,"href":"https:\/\/m-au-carre.fr\/index.php\/wp-json\/wp\/v2\/comments?post=499"}],"version-history":[{"count":77,"href":"https:\/\/m-au-carre.fr\/index.php\/wp-json\/wp\/v2\/pages\/499\/revisions"}],"predecessor-version":[{"id":1025,"href":"https:\/\/m-au-carre.fr\/index.php\/wp-json\/wp\/v2\/pages\/499\/revisions\/1025"}],"wp:attachment":[{"href":"https:\/\/m-au-carre.fr\/index.php\/wp-json\/wp\/v2\/media?parent=499"}],"curies":[{"name":"wp","href":"https:\/\/api.w.org\/{rel}","templated":true}]}}