{"id":61,"date":"2016-03-25T16:55:31","date_gmt":"2016-03-25T15:55:31","guid":{"rendered":"http:\/\/m-au-carre.fr\/?page_id=61"},"modified":"2018-06-21T10:03:32","modified_gmt":"2018-06-21T09:03:32","slug":"autoportrait","status":"publish","type":"page","link":"https:\/\/m-au-carre.fr\/index.php\/autoportrait\/","title":{"rendered":"Prestations"},"content":{"rendered":"<h3 align=\"justify\">Ces prestations, en s&rsquo;appuyant sur des <strong>d\u00e9marches exp\u00e9riment\u00e9es,<\/strong> par les m\u00e9thodes et les outils utilis\u00e9s, permettent \u00e0 chacun-e et \u00e0 tou-te-s de <strong>r\u00e9fl\u00e9chir et d&rsquo;agir sur un mode collaboratif et co-productif<\/strong>.<\/h3>\n<h1 align=\"justify\"><\/h1>\n<h1 style=\"text-align: right;\" align=\"justify\"><span style=\"color: #33cccc;\">&#8212; COMPRENDRE &#8212; <\/span><\/h1>\n<ul>\n<li><strong>Veiller, enqu\u00eater, analyser et donner du sens<\/strong> en mettant en place une m\u00e9thodologie de recherche adapt\u00e9e et coproductive <em>(diagnostic, enqu\u00eate, \u00e9tude)<br \/>\n<\/em><\/li>\n<li><strong>Rendre compte<\/strong> en r\u00e9alisant tout type de support de connaissances \u00e9crit ou oral\u00a0 <em>(rapport d&rsquo;\u00e9tude et d&rsquo;enqu\u00eate \/ livret synth\u00e9tique \/ pr\u00e9sentation dynamique \/ etc.)<\/em><\/li>\n<li><em>M\u00e9thodologies et outils : Veille documentaire &#8211; Benchmark (parangonnage) &#8211; Techniques de collecte, de traitement et d&rsquo;analyse de donn\u00e9es\u00a0qualitatives et quantitatives (entretiens individuels et collectifs, observation, r\u00e9cits de vie, questionnaires) &#8211; Logiciel d&rsquo;enqu\u00eate en ligne LimeSurvey &#8211; etc.<\/em><\/li>\n<\/ul>\n<h3 style=\"text-align: right;\" align=\"justify\"><strong><span style=\"color: #33cccc;\">\u2192<\/span> Produire de la connaissance utile et utilisable<\/strong><\/h3>\n<p>&nbsp;<\/p>\n<h1 style=\"text-align: right;\" align=\"justify\"><span style=\"color: #33cccc;\">&#8212; ACCOMPAGNER &#8212;<\/span><\/h1>\n<ul>\n<li><strong>Animer et conduire<\/strong> des d\u00e9marches participatives, sous forme d&rsquo;ateliers de r\u00e9flexion et de production en utilisant diff\u00e9rentes m\u00e9thodologies bas\u00e9es sur la confiance, l&rsquo;\u00e9coute et la convivialit\u00e9 <em>(d\u00e9marche de concertation, plan d&rsquo;actions, etc.).<\/em> <strong><br \/>\n<\/strong><\/li>\n<li><strong>Rendre compte <\/strong>en pr\u00e9sentant \u00e0 l&rsquo;\u00e9crit comme \u00e0 l&rsquo;oral la r\u00e9flexion et les productions collectivement produites<em> (compte-rendu, plan d&rsquo;actions, pr\u00e9sentation dynamique)<\/em><\/li>\n<li><strong>\u00catre force de proposition, exp\u00e9rimenter, adapter, renouveler et innover<\/strong> pour accompagner au changement des pratiques et des repr\u00e9sentations<\/li>\n<li><em>M\u00e9thodologies et outils &#8211; M\u00e9thodologies participatives types atelier de sc\u00e9narios, remue-m\u00e9ninges (brainstorming), m\u00e9thode du World Caf\u00e9, diagnostic en marchant, etc.<br \/>\n<\/em><\/li>\n<\/ul>\n<h3 style=\"text-align: right;\" align=\"justify\"><strong><span style=\"color: #33cccc;\">\u2192<\/span> Passer en transition<\/strong><\/h3>\n<p>&nbsp;<\/p>\n<h1 style=\"text-align: right;\" align=\"justify\"><span style=\"color: #33cccc;\">&#8212; TRANSMETTRE &#8212;<br \/>\n<\/span><\/h1>\n<ul>\n<li><strong>Former et s&rsquo;outiller<\/strong> en proposant des formations en <strong>m\u00e9thodologie des Sciences Humaines et Sociales <\/strong><em>(pourquoi et comment enqu\u00eater ? comment analyser et utiliser des donn\u00e9es ?)<\/em> ; des formations en <strong>m\u00e9thodologie de la concertation<\/strong> <em>(pourquoi et comment faire participer ?)<\/em>. L&rsquo;ambition \u00e9tant <em><strong>d&rsquo;accompagner \u00e0<\/strong><\/em> plut\u00f4t que de<em> faire pour.<\/em><\/li>\n<li><strong>Mettre en perspective <\/strong>des probl\u00e9matiques sociales et soci\u00e9tales <em>(conf\u00e9rences, tables rondes, articles)<\/em><\/li>\n<li><strong>Transmettre et sensibiliser<\/strong>, dispenser des savoirs en\u00a0Sciences Humaines et Sociales <em>(enseignement)<\/em><\/li>\n<\/ul>\n<h3 style=\"text-align: right;\" align=\"justify\"><strong><span style=\"color: #33cccc;\">\u2192<\/span><\/strong> F<strong>aire savoir<\/strong><\/h3>\n","protected":false},"excerpt":{"rendered":"<p>Ces prestations, en s&rsquo;appuyant sur des d\u00e9marches exp\u00e9riment\u00e9es, par les m\u00e9thodes et les outils utilis\u00e9s, permettent \u00e0 chacun-e et \u00e0 tou-te-s de r\u00e9fl\u00e9chir et d&rsquo;agir sur un mode collaboratif et co-productif. &#8212; COMPRENDRE &#8212; Veiller, enqu\u00eater, analyser et donner du sens en mettant en place une m\u00e9thodologie de recherche adapt\u00e9e et coproductive (diagnostic, enqu\u00eate, \u00e9tude)&#8230; <\/p>\n<div class=\"read-more\"><a href=\"https:\/\/m-au-carre.fr\/index.php\/autoportrait\/\">Lire la suite<\/a><\/div>\n","protected":false},"author":1,"featured_media":0,"parent":0,"menu_order":3,"comment_status":"closed","ping_status":"closed","template":"","meta":{"footnotes":""},"class_list":["post-61","page","type-page","status-publish","hentry"],"_links":{"self":[{"href":"https:\/\/m-au-carre.fr\/index.php\/wp-json\/wp\/v2\/pages\/61","targetHints":{"allow":["GET"]}}],"collection":[{"href":"https:\/\/m-au-carre.fr\/index.php\/wp-json\/wp\/v2\/pages"}],"about":[{"href":"https:\/\/m-au-carre.fr\/index.php\/wp-json\/wp\/v2\/types\/page"}],"author":[{"embeddable":true,"href":"https:\/\/m-au-carre.fr\/index.php\/wp-json\/wp\/v2\/users\/1"}],"replies":[{"embeddable":true,"href":"https:\/\/m-au-carre.fr\/index.php\/wp-json\/wp\/v2\/comments?post=61"}],"version-history":[{"count":54,"href":"https:\/\/m-au-carre.fr\/index.php\/wp-json\/wp\/v2\/pages\/61\/revisions"}],"predecessor-version":[{"id":605,"href":"https:\/\/m-au-carre.fr\/index.php\/wp-json\/wp\/v2\/pages\/61\/revisions\/605"}],"wp:attachment":[{"href":"https:\/\/m-au-carre.fr\/index.php\/wp-json\/wp\/v2\/media?parent=61"}],"curies":[{"name":"wp","href":"https:\/\/api.w.org\/{rel}","templated":true}]}}